{"id":439,"date":"2021-03-30T06:28:06","date_gmt":"2021-03-30T06:28:06","guid":{"rendered":"https:\/\/es.bilkent.edu.tr\/?page_id=439"},"modified":"2024-12-12T09:05:47","modified_gmt":"2024-12-12T09:05:47","slug":"armagan-ateskan","status":"publish","type":"page","link":"https:\/\/es.bilkent.edu.tr\/?page_id=439","title":{"rendered":"Arma\u011fan Ate\u015fkan"},"content":{"rendered":"\n<p><em>Associate professor<\/em><br><em>Vice Chair of Educational Sciences Department<\/em><br><a rel=\"noreferrer noopener\" href=\"mailto:ateskan@bilkent.edu.tr\" data-type=\"URL\" target=\"_blank\"><em>ateskan<em>@bilkent.edu.tr<\/em><\/em><br><\/a><em>+90 312 29032<\/em>22<br>\u00a0\u00a0\u00a0\u00a0<a rel=\"noreferrer noopener\" href=\"http:\/\/staff.bilkent.edu.tr\/armaganateskan\/\" data-type=\"URL\" data-id=\"http:\/\/staff.bilkent.edu.tr\/armaganateskan\/\" target=\"_blank\">Personal Web Site<\/a><br>\u00a0\u00a0\u00a0\u00a0<a rel=\"noreferrer noopener\" href=\"https:\/\/scholar.google.com\/citations?user=3K_b1HQAAAAJ&amp;hl=tr\" data-type=\"URL\" data-id=\"https:\/\/scholar.google.com\/citations?user=3K_b1HQAAAAJ&amp;hl=tr\" target=\"_blank\">Google Scholar Profile<\/a><br>\u00a0\u00a0\u00a0\u00a0<a rel=\"noreferrer noopener\" href=\"https:\/\/www.linkedin.com\/in\/armagan-ateskan-70a0b24b\/\" target=\"_blank\">LinkedIn<\/a><br>\u00a0\u00a0\u00a0\u00a0<a rel=\"noreferrer noopener\" href=\"https:\/\/www.researchgate.net\/profile\/Armagan-Ateskan-2\" data-type=\"URL\" data-id=\"https:\/\/www.researchgate.net\/profile\/Armagan-Ateskan-2\" target=\"_blank\">ResearchGate<\/a><\/p>\n\n\n\n<p><strong>Biography:<\/strong><br>I started my career as a food engineer after graduating from Istanbul Technical University in 1997. After working for 2 years as a food engineer, I went to U.S. for 6 months. In this trip, I had a chance to attend language classes and explore fairly new culture for me. In 2000, I started M.A program in Biology Teaching at Bilkent University with full scholarship. During this program, I did my internship at Bilkent Primary and Secondary School, Bilkent Laboratory and International School, TED Ankara College and Istanbul Robert College. At the 3rd semester of M.A., I went to U.S. for 2 months. I did internship at Ames High School, Iowa and attended seminars at Iowa State University.<br><br>After I finished M.A. in Biology Teaching (2002), I started to work at Bilkent University as an instructor. At the same time, I taught Biology and science at Bilkent Schools for 2 years as a part time teacher. Without being a teacher, it is impossible to train teachers.<br><br>Since I have a very high motivation at education with technology, I started PhD at Computer Education and Instructional Technologies Department at Middle East Technical University in 2003. I finished PhD in 2008. From 2009-2012, I worked as an Educational Technologist at an International School at Mons, Belgium.<br><br>I came back to Turkey in 2012, and continued to work at Graduate School of Education at Bilkent University. I am training future teachers. I became Faculty-School Partnership coordinator in 2016. In 2020, became Assoc. Prof in Curriculum and Instruction (CoHE). Currently, I am a vice-chair of Department of Educational Sciences.<\/p>\n\n\n\n<p><strong>Education:<\/strong><br>Ph.D. Computer Education and Instructional Technologies, Middle East Technical University<\/p>\n\n\n\n<p><em>MA. <\/em>Biology Teacher Education (Full tuition scholarship), Bilkent University<\/p>\n\n\n\n<p>BSc Food Engineering, Istanbul Technical University<\/p>\n\n\n\n<p><strong>Research Interests:<\/strong><br>Curriculum and instruction; Instructional design; International education: Education for sustainability; Health education; Energy education; Outdoor education; ICT in education; Computational thinking<\/p>\n\n\n\n<p><strong>Selected Publications and Presentations:<\/strong><br><strong>Ateskan, A. <\/strong>(2016). Pre-Service Teachers\u2019 Cultural and Teaching Experiences Abroad, <em>Journal of Education for Teaching, 42<\/em>(2), 135-148.<\/p>\n\n\n\n<p><strong>Ateskan, A<\/strong>., Lane, J.F. (2016) Promoting Field Trip Confidence: Teachers Providing Insights for Pre-Service Education, <em>European Journal of Teacher Education<\/em>, <em>39<\/em>(2), 190-201.<\/p>\n\n\n\n<p><strong>Ate\u015fkan, A<\/strong>., Lane, J. (2018) Assessing teachers&#8217; systems thinking skills during a professional development program in Turkey. <em>Journal of Cleaner Production<\/em>, 172, 4348-4356.<\/p>\n\n\n\n<p>Dulun, \u00d6., Lane, J. &amp; <strong>Ate\u015fkan, A<\/strong>. (2019)&nbsp;Student perceptions of successful learning support for an international high school programme: a comparative case study in Turkey,&nbsp;<em>Compare: A Journal of Comparative and International Education<\/em>,&nbsp;<em>49<\/em>(6), 905-923<\/p>\n\n\n\n<p>Y\u0131ld\u0131r\u0131m Usta, I., <strong>Ateskan, A<\/strong>. (2020). The level of knowledge, attitude and interest of Turkish high school students towards cancer, <em>Health Education Journal<\/em>, <em>79<\/em>(8), 875-887.<\/p>\n\n\n\n<p><strong>Other Notes of Interest:<\/strong><br>\u201cEtkili alan e\u011fitimi mentorluk modeli olu\u015fturulmas\u0131 ve mentorluk e\u011fitim program\u0131n\u0131n geli\u015ftirilerek uygulanmas\u0131\u201d, T\u00dcB\u0130TAK 1001, <strong>Researcher<\/strong>, November 2020-2023, 339 000 TL.<\/p>\n\n\n\n<p>\u201cAnalyzing the importance of indoor air quality in primary school and its impact on student performance to develop sustainable design proposals\u201d, T\u00dcB\u0130TAK GEB\u0130P Yasemin Afacan, <strong>Education Expert,<\/strong> May 2019- June 2020.<\/p>\n\n\n\n<p>\u201cStrengthening Teacher Capacity in Relation to School and Classroom Based Assessment (SCBA)\u201d, UNICEF, <strong>Science Education Expert<\/strong>, October 2017-December 2018, 700 000 TL.<\/p>\n\n\n\n<p>\u201cMYP implementation in Turkey\u201d, International Baccalaureate Organization, <strong>Principal Investigator<\/strong>, February 2015-February 2016, US $55,000.<\/p>\n\n\n\n<p>\u201cT\u00dcB\u0130TAK 4005 Project: Education for Sustainability\u201d, <strong>Principal Investigator<\/strong>, June 2015-June 2016, 24 000 TL.<\/p>\n\n\n\n<p>\u201cBird-watching education workshop\u201d, <strong>Principal investigator<\/strong>, October 2014-July 2015, US $2,000.<\/p>\n\n\n\n<p>\u201cAlignment between the International Baccalaureate Diploma (IB DP) and the National Education (MoNE) High School Diploma Programs in Turkey and their effect on the later achievement and development of university students\u201d, International Baccalaurate Organization, <strong>Principal Investigator<\/strong>, September 2013-September 2014, US $47,000.<\/p>\n\n\n\n<p><\/p>\n","protected":false},"excerpt":{"rendered":"<p>Associate professorVice Chair of Educational Sciences Departmentateskan@bilkent.edu.tr+90 312 2903222\u00a0\u00a0\u00a0\u00a0Personal Web Site\u00a0\u00a0\u00a0\u00a0Google Scholar Profile\u00a0\u00a0\u00a0\u00a0LinkedIn\u00a0\u00a0\u00a0\u00a0ResearchGate Biography:I started my career as a food engineer after graduating from Istanbul Technical University in 1997. After working for 2 years as a food engineer, I went to U.S. for 6 months. In this trip, I had [&hellip;]<\/p>\n","protected":false},"author":1,"featured_media":443,"parent":0,"menu_order":0,"comment_status":"closed","ping_status":"closed","template":"","meta":[],"_links":{"self":[{"href":"https:\/\/es.bilkent.edu.tr\/index.php?rest_route=\/wp\/v2\/pages\/439"}],"collection":[{"href":"https:\/\/es.bilkent.edu.tr\/index.php?rest_route=\/wp\/v2\/pages"}],"about":[{"href":"https:\/\/es.bilkent.edu.tr\/index.php?rest_route=\/wp\/v2\/types\/page"}],"author":[{"embeddable":true,"href":"https:\/\/es.bilkent.edu.tr\/index.php?rest_route=\/wp\/v2\/users\/1"}],"replies":[{"embeddable":true,"href":"https:\/\/es.bilkent.edu.tr\/index.php?rest_route=%2Fwp%2Fv2%2Fcomments&post=439"}],"version-history":[{"count":11,"href":"https:\/\/es.bilkent.edu.tr\/index.php?rest_route=\/wp\/v2\/pages\/439\/revisions"}],"predecessor-version":[{"id":1782,"href":"https:\/\/es.bilkent.edu.tr\/index.php?rest_route=\/wp\/v2\/pages\/439\/revisions\/1782"}],"wp:featuredmedia":[{"embeddable":true,"href":"https:\/\/es.bilkent.edu.tr\/index.php?rest_route=\/wp\/v2\/media\/443"}],"wp:attachment":[{"href":"https:\/\/es.bilkent.edu.tr\/index.php?rest_route=%2Fwp%2Fv2%2Fmedia&parent=439"}],"curies":[{"name":"wp","href":"https:\/\/api.w.org\/{rel}","templated":true}]}}