{"id":68,"date":"2021-03-23T16:48:55","date_gmt":"2021-03-23T16:48:55","guid":{"rendered":"https:\/\/es.bilkent.edu.tr\/?page_id=68"},"modified":"2021-05-24T09:46:26","modified_gmt":"2021-05-24T09:46:26","slug":"contact","status":"publish","type":"page","link":"https:\/\/es.bilkent.edu.tr\/?page_id=68","title":{"rendered":"Contact"},"content":{"rendered":"\n<div class=\"wp-block-columns is-layout-flex wp-container-3\">\n<div class=\"wp-block-column is-layout-flow\"><\/div>\n\n\n\n<div class=\"wp-block-column is-layout-flow\"><\/div>\n<\/div>\n\n\n\n<div class=\"wp-block-columns container is-layout-flex wp-container-8\">\n<div class=\"wp-block-column is-vertically-aligned-center is-layout-flow\">\n<h3 class=\"hestia-title wp-block-heading\"><strong>Bilkent University<br>Department of Educational Sciences<\/strong><\/h3>\n\n\n\n<figure class=\"wp-block-image size-large is-resized\"><a href=\"https:\/\/www.linkedin.com\/in\/bilkent-u-educational-sciences\/\" target=\"_blank\" rel=\"noopener\"><img decoding=\"async\" loading=\"lazy\" src=\"https:\/\/es.bilkent.edu.tr\/wp-content\/uploads\/2021\/03\/linkedin-2.png\" alt=\"\" class=\"wp-image-481\" width=\"37\" height=\"37\" srcset=\"https:\/\/es.bilkent.edu.tr\/wp-content\/uploads\/2021\/03\/linkedin-2.png 512w, https:\/\/es.bilkent.edu.tr\/wp-content\/uploads\/2021\/03\/linkedin-2-300x300.png 300w, https:\/\/es.bilkent.edu.tr\/wp-content\/uploads\/2021\/03\/linkedin-2-150x150.png 150w\" sizes=\"(max-width: 37px) 100vw, 37px\" \/><\/a><\/figure>\n\n\n\n<figure class=\"wp-block-image size-large is-resized\"><a href=\"https:\/\/www.instagram.com\/bilkent_es\/\" target=\"_blank\" rel=\"noopener\"><img decoding=\"async\" loading=\"lazy\" src=\"https:\/\/es.bilkent.edu.tr\/wp-content\/uploads\/2021\/03\/instagram-1.png\" alt=\"\" class=\"wp-image-485\" width=\"37\" height=\"37\" srcset=\"https:\/\/es.bilkent.edu.tr\/wp-content\/uploads\/2021\/03\/instagram-1.png 360w, https:\/\/es.bilkent.edu.tr\/wp-content\/uploads\/2021\/03\/instagram-1-300x300.png 300w, https:\/\/es.bilkent.edu.tr\/wp-content\/uploads\/2021\/03\/instagram-1-150x150.png 150w\" sizes=\"(max-width: 37px) 100vw, 37px\" \/><\/a><\/figure>\n\n\n\n<p><\/p>\n<\/div>\n\n\n\n<div class=\"wp-block-column is-vertically-aligned-center is-layout-flow\">\n<div class=\"wp-block-columns is-layout-flex wp-container-6\">\n<div class=\"wp-block-column is-layout-flow\" style=\"flex-basis:50%\">\n<h4 class=\"has-text-align-left hestia-title has-text-color wp-block-heading\" style=\"color:#3c4858;font-size:18px\"><img decoding=\"async\" class=\"wp-image-86\" style=\"width: 25px;\" src=\"https:\/\/es.bilkent.edu.tr\/wp-content\/themes\/hestia\/assets\/img\/contact1.png\" alt=\"Map icon\">  Address \/ Address<\/h4>\n\n\n\n<p class=\"has-text-align-left has-text-color\" style=\"color:#999999;font-size:14px\">Bilkent \u00dcniversitesi<br>Merkez Kamp\u00fcs<br>G Binas\u0131, 2. Kat<br>Mon &#8211; Fri, 8:40-17:30<br><\/p>\n\n\n\n<h4 class=\"has-text-align-left hestia-title has-text-color wp-block-heading\" style=\"color:#3c4858;font-size:18px\"><img decoding=\"async\" class=\"wp-image-98\" style=\"width: 25px;\" src=\"https:\/\/es.bilkent.edu.tr\/wp-content\/themes\/hestia\/assets\/img\/contact2.png\" alt=\"\">  <strong><strong>Phone<\/strong><\/strong> \/ Telefon<\/h4>\n\n\n\n<p class=\"has-text-align-left has-text-color\" style=\"color:#999999;font-size:14px\">+90 312 290 1134<br>+90 312 290 2950<br>+90 312 290 3222<br>Mon &#8211; Fri, 8:40-17:30<\/p>\n\n\n\n<h4 class=\"wp-block-heading\" style=\"font-size:18px\"><img decoding=\"async\" loading=\"lazy\" width=\"234\" height=\"174\" class=\"wp-image-195\" style=\"width: 25px;\" src=\"https:\/\/es.bilkent.edu.tr\/wp-content\/uploads\/2021\/03\/download-1.png\" alt=\"\"> <strong>Email<\/strong> \/ Eposta<\/h4>\n\n\n\n<p>ci@bilkent.edu.tr<\/p>\n<\/div>\n<\/div>\n<\/div>\n<\/div>\n\n\n\n<center><iframe src=\"https:\/\/www.google.com\/maps\/embed?pb=!1m18!1m12!1m3!1d2808.1749483938274!2d32.749602264530914!3d39.86669993391814!2m3!1f0!2f0!3f0!3m2!1i1024!2i768!4f13.1!3m3!1m2!1s0x0%3A0xcc68fb5af6363630!2zRcSfaXRpbSBGYWvDvGx0ZXNp!5e0!3m2!1str!2str!4v1616526736724!5m2!1str!2str\" width=\"600\" height=\"450\" style=\"border:0;\" allowfullscreen=\"\" loading=\"lazy\"><\/iframe><\/center>\n","protected":false},"excerpt":{"rendered":"<p>Bilkent UniversityDepartment of Educational Sciences Address \/ Address Bilkent \u00dcniversitesiMerkez Kamp\u00fcsG Binas\u0131, 2. KatMon &#8211; Fri, 8:40-17:30 Phone \/ Telefon +90 312 290 1134+90 312 290 2950+90 312 290 3222Mon &#8211; Fri, 8:40-17:30 Email \/ Eposta ci@bilkent.edu.tr<\/p>\n","protected":false},"author":1,"featured_media":0,"parent":0,"menu_order":0,"comment_status":"closed","ping_status":"closed","template":"page-templates\/template-pagebuilder-full-width.php","meta":[],"_links":{"self":[{"href":"https:\/\/es.bilkent.edu.tr\/index.php?rest_route=\/wp\/v2\/pages\/68"}],"collection":[{"href":"https:\/\/es.bilkent.edu.tr\/index.php?rest_route=\/wp\/v2\/pages"}],"about":[{"href":"https:\/\/es.bilkent.edu.tr\/index.php?rest_route=\/wp\/v2\/types\/page"}],"author":[{"embeddable":true,"href":"https:\/\/es.bilkent.edu.tr\/index.php?rest_route=\/wp\/v2\/users\/1"}],"replies":[{"embeddable":true,"href":"https:\/\/es.bilkent.edu.tr\/index.php?rest_route=%2Fwp%2Fv2%2Fcomments&post=68"}],"version-history":[{"count":48,"href":"https:\/\/es.bilkent.edu.tr\/index.php?rest_route=\/wp\/v2\/pages\/68\/revisions"}],"predecessor-version":[{"id":887,"href":"https:\/\/es.bilkent.edu.tr\/index.php?rest_route=\/wp\/v2\/pages\/68\/revisions\/887"}],"wp:attachment":[{"href":"https:\/\/es.bilkent.edu.tr\/index.php?rest_route=%2Fwp%2Fv2%2Fmedia&parent=68"}],"curies":[{"name":"wp","href":"https:\/\/api.w.org\/{rel}","templated":true}]}}